{"id":3236,"date":"2025-02-27T08:19:29","date_gmt":"2025-02-27T08:19:29","guid":{"rendered":"https:\/\/conajewelry.com\/?page_id=3236"},"modified":"2025-02-27T08:21:12","modified_gmt":"2025-02-27T08:21:12","slug":"terms-conditions","status":"publish","type":"page","link":"https:\/\/conajewelry.com\/it\/terms-conditions\/","title":{"rendered":"Termini e condizioni"},"content":{"rendered":"<h1>Termini e Condizioni<\/h1>\n<p>Si prega di leggere attentamente i presenti termini e condizioni prima di utilizzare il nostro servizio.<\/p>\n<h2>Interpretazione e definizioni<\/h2>\n<h3>Interpretazione<\/h3>\n<p>Le parole la cui iniziale \u00e8 maiuscola hanno significati definiti alle seguenti condizioni. Le seguenti definizioni avranno lo stesso significato indipendentemente dal fatto che appaiano al singolare o al plurale.<\/p>\n<h3>Definizioni<\/h3>\n<p>Ai fini dei presenti Termini e Condizioni:<\/p>\n<ul>\n<li><strong>Affiliato<\/strong> indica un&#039;entit\u00e0 che controlla, \u00e8 controllata da o \u00e8 sotto il controllo comune di una parte, dove &quot;controllo&quot; significa propriet\u00e0 di 50% o pi\u00f9 azioni, partecipazioni azionarie o altri titoli che danno diritto al voto per l&#039;elezione degli amministratori o di altre autorit\u00e0 di gestione.<\/li>\n<li><strong>Paese<\/strong> si riferisce a: Cina<\/li>\n<li><strong>Azienda<\/strong> (indicata nel presente Contratto come &quot;la Societ\u00e0&quot;, &quot;Noi&quot;, &quot;Ci&quot; o &quot;Nostro&quot;) si riferisce a Ningbo Cona Jewelry Co., Ltd, n. 111 Jingunan Road, distretto di Yinzhou, citt\u00e0 di Ningbo, Cina.<\/li>\n<li><strong>Dispositivo<\/strong> indica qualsiasi dispositivo che pu\u00f2 accedere al Servizio, come un computer, un cellulare o un tablet digitale.<\/li>\n<li><strong>Servizio<\/strong> si riferisce al Sito Web.<\/li>\n<li><strong>Termini e Condizioni<\/strong> (anche denominati &quot;Termini&quot;) indica i presenti Termini e Condizioni che costituiscono l&#039;intero accordo tra Te e la Societ\u00e0 in merito all&#039;utilizzo del Servizio.<\/li>\n<li><strong>Servizio di social media di terze parti<\/strong> indica tutti i servizi o contenuti (inclusi dati, informazioni, prodotti o servizi) forniti da terze parti che possono essere visualizzati, inclusi o resi disponibili dal Servizio.<\/li>\n<li><strong>Sito web<\/strong> si riferisce ai gioielli cona, accessibili da <a href=\"https:\/\/conajewelry.com\/it\/\" target=\"_blank\" rel=\"external nofollow noopener\">https:\/\/conajewelry.com\/<\/a><\/li>\n<li><strong>Voi<\/strong> indica la persona che accede o utilizza il Servizio, oppure la societ\u00e0 o altra entit\u00e0 giuridica per conto della quale tale persona accede o utilizza il Servizio, a seconda dei casi.<\/li>\n<\/ul>\n<h2>Riconoscimento<\/h2>\n<p>I presenti Termini e Condizioni regolano l&#039;utilizzo del Servizio e costituiscono il contratto stipulato tra l&#039;Utente e la Societ\u00e0. I presenti Termini e Condizioni stabiliscono i diritti e gli obblighi di tutti gli utenti in relazione all&#039;utilizzo del Servizio.<\/p>\n<p>L&#039;accesso e l&#039;utilizzo del Servizio sono subordinati all&#039;accettazione e al rispetto dei presenti Termini e Condizioni. I presenti Termini e Condizioni si applicano a tutti i visitatori, utenti e altri soggetti che accedono o utilizzano il Servizio.<\/p>\n<p>Accedendo o utilizzando il Servizio, accetti di essere vincolato dai presenti Termini e Condizioni. Se non sei d&#039;accordo con qualsiasi parte dei presenti Termini e Condizioni, non potrai accedere al Servizio.<\/p>\n<p>Dichiari di avere pi\u00f9 di 18 anni. La Societ\u00e0 non consente l&#039;utilizzo del Servizio a soggetti di et\u00e0 inferiore a 18 anni.<\/p>\n<p>L&#039;accesso e l&#039;utilizzo del Servizio sono inoltre subordinati all&#039;accettazione e al rispetto dell&#039;Informativa sulla privacy della Societ\u00e0. La nostra Informativa sulla privacy descrive le nostre politiche e procedure in materia di raccolta, utilizzo e divulgazione dei tuoi dati personali quando utilizzi l&#039;Applicazione o il Sito web e ti informa sui tuoi diritti alla privacy e su come la legge ti tutela. Ti preghiamo di leggere attentamente la nostra Informativa sulla privacy prima di utilizzare il nostro Servizio.<\/p>\n<h2>Collegamenti ad altri siti web<\/h2>\n<p>Il nostro Servizio potrebbe contenere link a siti web o servizi di terze parti che non sono di propriet\u00e0 o controllati dalla Societ\u00e0.<\/p>\n<p>La Societ\u00e0 non ha alcun controllo e non si assume alcuna responsabilit\u00e0 per i contenuti, le politiche sulla privacy o le pratiche di siti web o servizi di terze parti. L&#039;utente riconosce e accetta inoltre che la Societ\u00e0 non sar\u00e0 responsabile, direttamente o indirettamente, per eventuali danni o perdite causati o presumibilmente causati da o in connessione con l&#039;utilizzo o l&#039;affidamento su tali contenuti, beni o servizi disponibili su o tramite tali siti web o servizi.<\/p>\n<p>Ti consigliamo vivamente di leggere i termini e le condizioni e le informative sulla privacy di tutti i siti web o servizi di terze parti che visiti.<\/p>\n<h2>Risoluzione<\/h2>\n<p>Possiamo interrompere o sospendere il tuo accesso immediatamente, senza preavviso o responsabilit\u00e0, per qualsiasi motivo, incluso, a titolo esemplificativo ma non esaustivo, il caso in cui tu violi i presenti Termini e Condizioni.<\/p>\n<p>Alla risoluzione, il tuo diritto di utilizzare il Servizio cesser\u00e0 immediatamente.<\/p>\n<h2>Limitazione di responsabilit\u00e0<\/h2>\n<p>Nonostante eventuali danni in cui potresti incorrere, l&#039;intera responsabilit\u00e0 della Societ\u00e0 e dei suoi fornitori ai sensi di qualsiasi disposizione dei presenti Termini e il tuo esclusivo rimedio per tutto quanto precede saranno limitati all&#039;importo effettivamente pagato tramite il Servizio o a 100 USD se non hai acquistato nulla tramite il Servizio.<\/p>\n<p>Nella misura massima consentita dalla legge applicabile, in nessun caso la Societ\u00e0 o i suoi fornitori saranno ritenuti responsabili per danni speciali, incidentali, indiretti o consequenziali di qualsiasi tipo (inclusi, a titolo esemplificativo ma non esaustivo, danni per perdita di profitti, perdita di dati o altre informazioni, per interruzione di attivit\u00e0, per lesioni personali, perdita della privacy derivanti da o in qualsiasi modo correlati all&#039;uso o all&#039;impossibilit\u00e0 di usare il Servizio, software di terze parti e\/o hardware di terze parti utilizzati con il Servizio o altrimenti in relazione a qualsiasi disposizione delle presenti Condizioni), anche se la Societ\u00e0 o qualsiasi fornitore sono stati informati della possibilit\u00e0 di tali danni e anche se il rimedio non raggiunge il suo scopo essenziale.<\/p>\n<p>Alcuni stati non consentono l&#039;esclusione di garanzie implicite o la limitazione di responsabilit\u00e0 per danni incidentali o consequenziali, il che significa che alcune delle limitazioni di cui sopra potrebbero non essere applicabili. In questi stati, la responsabilit\u00e0 di ciascuna parte sar\u00e0 limitata nella misura massima consentita dalla legge.<\/p>\n<h2>Dichiarazione di non responsabilit\u00e0 &quot;COS\u00cc COM&#039;\u00c8&quot; e &quot;COME DISPONIBILE&quot;<\/h2>\n<p>Il Servizio viene fornito all&#039;Utente &quot;COS\u00cc COM&#039;\u00c8&quot; e &quot;COME DISPONIBILE&quot; e con tutti i difetti e gli errori, senza garanzie di alcun tipo. Nella misura massima consentita dalla legge applicabile, la Societ\u00e0, per proprio conto e per conto delle sue Affiliate e dei rispettivi licenziatari e fornitori di servizi, declina espressamente ogni garanzia, espressa, implicita, statutaria o di altro tipo, in relazione al Servizio, incluse tutte le garanzie implicite di commerciabilit\u00e0, idoneit\u00e0 per uno scopo particolare, titolarit\u00e0 e non violazione, e le garanzie che possono derivare da accordi, esecuzione, uso o prassi commerciale. Fatto salvo quanto precede, la Societ\u00e0 non fornisce alcuna garanzia o impegno, e non rilascia alcuna dichiarazione di alcun tipo, che il Servizio soddisfer\u00e0 le Sue esigenze, raggiunger\u00e0 i risultati previsti, sar\u00e0 compatibile o funzioner\u00e0 con altri software, applicazioni, sistemi o servizi, funzioner\u00e0 senza interruzioni, soddisfer\u00e0 gli standard di prestazioni o affidabilit\u00e0 o sar\u00e0 privo di errori, o che eventuali errori o difetti potranno o saranno corretti.<\/p>\n<p>Fatto salvo quanto precede, n\u00e9 la Societ\u00e0 n\u00e9 alcuno dei suoi fornitori rilasciano dichiarazioni o garanzie di alcun tipo, esplicite o implicite: (i) in merito al funzionamento o alla disponibilit\u00e0 del Servizio, o alle informazioni, ai contenuti e ai materiali o prodotti in esso inclusi; (ii) che il Servizio sar\u00e0 ininterrotto o privo di errori; (iii) in merito all&#039;accuratezza, all&#039;affidabilit\u00e0 o all&#039;attualit\u00e0 di qualsiasi informazione o contenuto fornito tramite il Servizio; o (iv) che il Servizio, i suoi server, i contenuti o le e-mail inviate da o per conto della Societ\u00e0 siano privi di virus, script, trojan horse, worm, malware, timebomb o altri componenti dannosi.<\/p>\n<p>Alcune giurisdizioni non consentono l&#039;esclusione di determinati tipi di garanzie o limitazioni sui diritti legali applicabili di un consumatore, pertanto alcune o tutte le esclusioni e limitazioni di cui sopra potrebbero non essere applicabili a Lei. In tal caso, tuttavia, le esclusioni e le limitazioni stabilite nella presente sezione saranno applicate nella misura massima consentita dalla legge applicabile.<\/p>\n<h2>Legge applicabile<\/h2>\n<p>Le leggi del Paese, escluse le norme sui conflitti di legge, regolano i presenti Termini e l&#039;utilizzo del Servizio. L&#039;utilizzo dell&#039;Applicazione potrebbe essere soggetto anche ad altre leggi locali, statali, nazionali o internazionali.<\/p>\n<h2>Risoluzione delle controversie<\/h2>\n<p>In caso di dubbi o controversie in merito al Servizio, l&#039;Utente accetta di provare innanzitutto a risolvere la controversia in modo informale contattando la Societ\u00e0.<\/p>\n<h2>Per gli utenti dell&#039;Unione Europea (UE)<\/h2>\n<p>Se sei un consumatore dell&#039;Unione Europea, potrai beneficiare di tutte le disposizioni obbligatorie previste dalla legge del Paese in cui risiedi.<\/p>\n<h2>Conformit\u00e0 legale degli Stati Uniti<\/h2>\n<p>Dichiari e garantisci che (i) non ti trovi in un paese soggetto a embargo da parte del governo degli Stati Uniti o che \u00e8 stato designato dal governo degli Stati Uniti come paese che &quot;sostenitore del terrorismo&quot; e (ii) non sei presente in alcun elenco di soggetti vietati o soggetti a restrizioni stilato dal governo degli Stati Uniti.<\/p>\n<h2>Separabilit\u00e0 e rinuncia<\/h2>\n<h3>Separabilit\u00e0<\/h3>\n<p>Se una qualsiasi disposizione delle presenti Condizioni dovesse essere ritenuta inapplicabile o non valida, tale disposizione verr\u00e0 modificata e interpretata per raggiungere i propri obiettivi nella misura massima consentita dalla legge applicabile e le restanti disposizioni continueranno ad avere pieno vigore ed efficacia.<\/p>\n<h3>Rinuncia<\/h3>\n<p>Salvo quanto previsto nel presente documento, il mancato esercizio di un diritto o la mancata richiesta di esecuzione di un obbligo ai sensi delle presenti Condizioni non pregiudicher\u00e0 la capacit\u00e0 di una parte di esercitare tale diritto o di richiedere tale esecuzione in qualsiasi momento successivo, n\u00e9 la rinuncia a una violazione costituir\u00e0 una rinuncia a qualsiasi violazione successiva.<\/p>\n<h2>Traduzione Interpretazione<\/h2>\n<p>I presenti Termini e Condizioni potrebbero essere stati tradotti se li avessimo resi disponibili all&#039;Utente sul nostro Servizio.<br \/>\nL&#039;utente accetta che in caso di controversia prevarr\u00e0 il testo originale in inglese.<\/p>\n<h2>Modifiche ai presenti Termini e Condizioni<\/h2>\n<p>Ci riserviamo il diritto, a Nostra esclusiva discrezione, di modificare o sostituire i presenti Termini in qualsiasi momento. Qualora una revisione fosse sostanziale, faremo ogni ragionevole sforzo per fornire un preavviso di almeno 30 giorni prima dell&#039;entrata in vigore dei nuovi termini. Ci\u00f2 che costituisce una modifica sostanziale sar\u00e0 determinato a Nostra esclusiva discrezione.<\/p>\n<p>Continuando ad accedere o utilizzare il Nostro Servizio dopo l&#039;entrata in vigore di tali revisioni, accetti di essere vincolato dai termini modificati. Se non accetti i nuovi termini, in tutto o in parte, ti preghiamo di interrompere l&#039;utilizzo del sito web e del Servizio.<\/p>\n<h2>Contattaci<\/h2>\n<p>Se hai domande su questi Termini e Condizioni, puoi contattarci:<\/p>\n<ul>\n<li>Visitando questa pagina sul nostro sito web: <a href=\"https:\/\/conajewelry.com\/it\/contact\/\" target=\"_blank\" rel=\"external nofollow noopener\">https:\/\/conajewelry.com\/contact\/<\/a><\/li>\n<\/ul>","protected":false},"excerpt":{"rendered":"<p>Terms and Conditions Please read these terms and conditions carefully  [&#8230;]<\/p>","protected":false},"author":1,"featured_media":0,"parent":0,"menu_order":0,"comment_status":"closed","ping_status":"closed","template":"100-width.php","meta":{"footnotes":""},"class_list":["post-3236","page","type-page","status-publish","hentry"],"yoast_head":"<!-- This site is optimized with the Yoast SEO plugin v27.3 - https:\/\/yoast.com\/product\/yoast-seo-wordpress\/ -->\n<title>Terms &amp; Conditions - Cona Jewelry<\/title>\n<meta name=\"description\" content=\"Cona Jewelry is the leading silver jewelry Pearl Jewelry supplier for over 15 years . Discover more styles!\" \/>\n<meta name=\"robots\" content=\"index, follow, max-snippet:-1, max-image-preview:large, max-video-preview:-1\" \/>\n<link rel=\"canonical\" href=\"https:\/\/conajewelry.com\/it\/terms-conditions\/\" \/>\n<meta property=\"og:locale\" content=\"it_IT\" \/>\n<meta property=\"og:type\" content=\"article\" \/>\n<meta property=\"og:title\" content=\"Terms &amp; Conditions - Cona Jewelry\" \/>\n<meta property=\"og:description\" content=\"Cona Jewelry is the leading silver jewelry Pearl Jewelry supplier for over 15 years . Discover more styles!\" \/>\n<meta property=\"og:url\" content=\"https:\/\/conajewelry.com\/it\/terms-conditions\/\" \/>\n<meta property=\"og:site_name\" content=\"Cona Jewelry\" \/>\n<meta property=\"article:modified_time\" content=\"2025-02-27T08:21:12+00:00\" \/>\n<meta name=\"twitter:card\" content=\"summary_large_image\" \/>\n<script type=\"application\/ld+json\" class=\"yoast-schema-graph\">{\"@context\":\"https:\\\/\\\/schema.org\",\"@graph\":[{\"@type\":\"WebPage\",\"@id\":\"https:\\\/\\\/conajewelry.com\\\/terms-conditions\\\/\",\"url\":\"https:\\\/\\\/conajewelry.com\\\/terms-conditions\\\/\",\"name\":\"Terms & Conditions - Cona Jewelry\",\"isPartOf\":{\"@id\":\"https:\\\/\\\/conajewelry.com\\\/#website\"},\"datePublished\":\"2025-02-27T08:19:29+00:00\",\"dateModified\":\"2025-02-27T08:21:12+00:00\",\"description\":\"Cona Jewelry is the leading silver jewelry Pearl Jewelry supplier for over 15 years . Discover more styles!\",\"breadcrumb\":{\"@id\":\"https:\\\/\\\/conajewelry.com\\\/terms-conditions\\\/#breadcrumb\"},\"inLanguage\":\"it-IT\",\"potentialAction\":[{\"@type\":\"ReadAction\",\"target\":[\"https:\\\/\\\/conajewelry.com\\\/terms-conditions\\\/\"]}]},{\"@type\":\"BreadcrumbList\",\"@id\":\"https:\\\/\\\/conajewelry.com\\\/terms-conditions\\\/#breadcrumb\",\"itemListElement\":[{\"@type\":\"ListItem\",\"position\":1,\"name\":\"Home\",\"item\":\"https:\\\/\\\/conajewelry.com\\\/\"},{\"@type\":\"ListItem\",\"position\":2,\"name\":\"Terms &#038; Conditions\"}]},{\"@type\":\"WebSite\",\"@id\":\"https:\\\/\\\/conajewelry.com\\\/#website\",\"url\":\"https:\\\/\\\/conajewelry.com\\\/\",\"name\":\"Cona Jewelry\",\"description\":\"\",\"potentialAction\":[{\"@type\":\"SearchAction\",\"target\":{\"@type\":\"EntryPoint\",\"urlTemplate\":\"https:\\\/\\\/conajewelry.com\\\/?s={search_term_string}\"},\"query-input\":{\"@type\":\"PropertyValueSpecification\",\"valueRequired\":true,\"valueName\":\"search_term_string\"}}],\"inLanguage\":\"it-IT\"}]}<\/script>\n<!-- \/ Yoast SEO plugin. -->","yoast_head_json":{"title":"Terms & Conditions - Cona Jewelry","description":"Cona Jewelry is the leading silver jewelry Pearl Jewelry supplier for over 15 years . Discover more styles!","robots":{"index":"index","follow":"follow","max-snippet":"max-snippet:-1","max-image-preview":"max-image-preview:large","max-video-preview":"max-video-preview:-1"},"canonical":"https:\/\/conajewelry.com\/it\/terms-conditions\/","og_locale":"it_IT","og_type":"article","og_title":"Terms & Conditions - Cona Jewelry","og_description":"Cona Jewelry is the leading silver jewelry Pearl Jewelry supplier for over 15 years . Discover more styles!","og_url":"https:\/\/conajewelry.com\/it\/terms-conditions\/","og_site_name":"Cona Jewelry","article_modified_time":"2025-02-27T08:21:12+00:00","twitter_card":"summary_large_image","schema":{"@context":"https:\/\/schema.org","@graph":[{"@type":"WebPage","@id":"https:\/\/conajewelry.com\/terms-conditions\/","url":"https:\/\/conajewelry.com\/terms-conditions\/","name":"Terms & Conditions - Cona Jewelry","isPartOf":{"@id":"https:\/\/conajewelry.com\/#website"},"datePublished":"2025-02-27T08:19:29+00:00","dateModified":"2025-02-27T08:21:12+00:00","description":"Cona Jewelry is the leading silver jewelry Pearl Jewelry supplier for over 15 years . Discover more styles!","breadcrumb":{"@id":"https:\/\/conajewelry.com\/terms-conditions\/#breadcrumb"},"inLanguage":"it-IT","potentialAction":[{"@type":"ReadAction","target":["https:\/\/conajewelry.com\/terms-conditions\/"]}]},{"@type":"BreadcrumbList","@id":"https:\/\/conajewelry.com\/terms-conditions\/#breadcrumb","itemListElement":[{"@type":"ListItem","position":1,"name":"Home","item":"https:\/\/conajewelry.com\/"},{"@type":"ListItem","position":2,"name":"Terms &#038; Conditions"}]},{"@type":"WebSite","@id":"https:\/\/conajewelry.com\/#website","url":"https:\/\/conajewelry.com\/","name":"Cona Jewelry","description":"","potentialAction":[{"@type":"SearchAction","target":{"@type":"EntryPoint","urlTemplate":"https:\/\/conajewelry.com\/?s={search_term_string}"},"query-input":{"@type":"PropertyValueSpecification","valueRequired":true,"valueName":"search_term_string"}}],"inLanguage":"it-IT"}]}},"_links":{"self":[{"href":"https:\/\/conajewelry.com\/it\/wp-json\/wp\/v2\/pages\/3236","targetHints":{"allow":["GET"]}}],"collection":[{"href":"https:\/\/conajewelry.com\/it\/wp-json\/wp\/v2\/pages"}],"about":[{"href":"https:\/\/conajewelry.com\/it\/wp-json\/wp\/v2\/types\/page"}],"author":[{"embeddable":true,"href":"https:\/\/conajewelry.com\/it\/wp-json\/wp\/v2\/users\/1"}],"replies":[{"embeddable":true,"href":"https:\/\/conajewelry.com\/it\/wp-json\/wp\/v2\/comments?post=3236"}],"version-history":[{"count":2,"href":"https:\/\/conajewelry.com\/it\/wp-json\/wp\/v2\/pages\/3236\/revisions"}],"predecessor-version":[{"id":3239,"href":"https:\/\/conajewelry.com\/it\/wp-json\/wp\/v2\/pages\/3236\/revisions\/3239"}],"wp:attachment":[{"href":"https:\/\/conajewelry.com\/it\/wp-json\/wp\/v2\/media?parent=3236"}],"curies":[{"name":"wp","href":"https:\/\/api.w.org\/{rel}","templated":true}]}}